{"id":11035,"date":"2010-07-11T13:34:49","date_gmt":"2010-07-11T11:34:49","guid":{"rendered":"https:\/\/bandasanlawrenz.com\/en\/?page_id=11035"},"modified":"2022-05-30T13:17:06","modified_gmt":"2022-05-30T11:17:06","slug":"cassettes","status":"publish","type":"page","link":"https:\/\/bandasanlawrenz.com\/en\/media\/cassettes\/","title":{"rendered":"Cassettes Festive Marches"},"content":{"rendered":"<h3>Mar\u010bi Briju\u017ci 1983<\/h3>\n<table border=\"0\">\n<tbody>\n<tr>\n<td>\n<table border=\"0\">\n<tbody>\n<tr>\n<td width=\"300\">Innu Mar\u010b lil San Lawrenz<\/td>\n<td width=\"200\">G.Frendo<\/td>\n<\/tr>\n<tr>\n<td>\u010aentinarju<\/td>\n<td>P.Schembri<\/td>\n<\/tr>\n<tr>\n<td>Kan. Lorenzo Saliba<\/td>\n<td>C.Caruana<\/td>\n<\/tr>\n<tr>\n<td>St. Lawrence Youth Centre<\/td>\n<td>P.Buttigieg<\/td>\n<\/tr>\n<tr>\n<td>Wenzu Farrugia<\/td>\n<td>P.P.Ciantar<\/td>\n<\/tr>\n<tr>\n<td>Peru<\/td>\n<td>F.Mizzi<\/td>\n<\/tr>\n<tr>\n<td>Amabile Galea<\/td>\n<td>A.Pace<\/td>\n<\/tr>\n<tr>\n<td>Dilettanti tal-Festa<\/td>\n<td>L.Borg<\/td>\n<\/tr>\n<tr>\n<td>Daniela<\/td>\n<td>S.Fabri<\/td>\n<\/tr>\n<tr>\n<td>Innu Mar\u010b lill-Banda San Lawrenz<\/td>\n<td>P.Schembri<\/td>\n<\/tr>\n<tr>\n<td>Innu lil San Lawrenz<\/td>\n<td>L.Galea<\/td>\n<\/tr>\n<tr>\n<td>Innu tal-Banda<\/td>\n<td>H.H.Dalli<\/td>\n<\/tr>\n<\/tbody>\n<\/table>\n<\/td>\n<td><a href=\"https:\/\/bandasanlawrenz.com\/wp-content\/uploads\/2010\/07\/1983.jpg\"><img loading=\"lazy\" decoding=\"async\" class=\"size-medium wp-image-1036\" title=\"1983 Cassette Cover\" src=\"https:\/\/bandasanlawrenz.com\/wp-content\/uploads\/2010\/07\/1983-222x300.jpg\" alt=\"1983 Cassette Cover\" width=\"222\" height=\"300\" \/><\/a><\/td>\n<\/tr>\n<tr>\n<td align=\"center\"><\/td>\n<\/tr>\n<\/tbody>\n<\/table>\n<h3>Mar\u010bi Briju\u017ci 1985<\/h3>\n<table border=\"0\">\n<tbody>\n<tr>\n<td>\n<table border=\"0\">\n<tbody>\n<tr>\n<td width=\"300\">Innu Mar\u010b lil San Lawrenz<\/td>\n<td width=\"200\">G.Frendo<\/td>\n<\/tr>\n<tr>\n<td>Maria Carmela<\/td>\n<td>P.Schembri<\/td>\n<\/tr>\n<tr>\n<td>Regatta Champions 1984<\/td>\n<td>O.Cachia<\/td>\n<\/tr>\n<tr>\n<td>Te\u017cori<\/td>\n<td>E.Spagnol<\/td>\n<\/tr>\n<tr>\n<td>Laura<\/td>\n<td>S.Fabri<\/td>\n<\/tr>\n<tr>\n<td>Manfred<\/td>\n<td>C.Caruana<\/td>\n<\/tr>\n<tr>\n<td>Lorraine<\/td>\n<td>E.Spagnol<\/td>\n<\/tr>\n<tr>\n<td>Analise<\/td>\n<td>C.Mallia<\/td>\n<\/tr>\n<tr>\n<td>Darren<\/td>\n<td>A.Coleiro<\/td>\n<\/tr>\n<tr>\n<td>Dilettanti ta&#8217; San Lawrenz Melbourne<\/td>\n<td>A.Pace<\/td>\n<\/tr>\n<tr>\n<td>\u010aentinarju<\/td>\n<td>P.Schembri<\/td>\n<\/tr>\n<tr>\n<td>Innu lil San Lawrenz<\/td>\n<td>L.Galea<\/td>\n<\/tr>\n<tr>\n<td>Innu tal-Banda<\/td>\n<td>H.H.Dalli<\/td>\n<\/tr>\n<\/tbody>\n<\/table>\n<\/td>\n<td><a href=\"https:\/\/bandasanlawrenz.com\/wp-content\/uploads\/2010\/07\/1985.jpg\"><img loading=\"lazy\" decoding=\"async\" class=\"size-medium wp-image-1037\" title=\"1985 Cassette Cover\" src=\"https:\/\/bandasanlawrenz.com\/wp-content\/uploads\/2010\/07\/1985-195x300.jpg\" alt=\"1985 Cassette Cover\" width=\"195\" height=\"300\" \/><\/a><\/td>\n<\/tr>\n<tr>\n<td align=\"center\"><\/td>\n<\/tr>\n<\/tbody>\n<\/table>\n<h3>Mar\u010bi Briju\u017ci 1987<\/h3>\n<table border=\"0\">\n<tbody>\n<tr>\n<td>\n<table border=\"0\">\n<tbody>\n<tr>\n<td width=\"300\">Innu Mar\u010b lil San Lawrenz<\/td>\n<td width=\"200\">G.Frendo<\/td>\n<\/tr>\n<tr>\n<td>Kumitat Festa San Lawrenz<\/td>\n<td>P.Schembri<\/td>\n<\/tr>\n<tr>\n<td>Zebra<\/td>\n<td>S.Fabri<\/td>\n<\/tr>\n<tr>\n<td>Clayton<\/td>\n<td>A.Pace<\/td>\n<\/tr>\n<tr>\n<td>Frankie<\/td>\n<td>F.Mercieca<\/td>\n<\/tr>\n<tr>\n<td>Lill-President<\/td>\n<td>A.Coleiro<\/td>\n<\/tr>\n<tr>\n<td>Lorraine<\/td>\n<td>E.Spagnol<\/td>\n<\/tr>\n<tr>\n<td>\u0120u\u017ca<\/td>\n<td>Fr. G.Grech O.P.<\/td>\n<\/tr>\n<tr>\n<td>Privitelli<\/td>\n<td>C.Mallia<\/td>\n<\/tr>\n<tr>\n<td>Dun \u0120wann<\/td>\n<td>A.Sammut<\/td>\n<\/tr>\n<tr>\n<td>Susan<\/td>\n<td>R.Cremona<\/td>\n<\/tr>\n<tr>\n<td>Innu Mar\u010b \u010aentinarju<\/td>\n<td>P.Schembri<\/td>\n<\/tr>\n<tr>\n<td>Innu lil San Lawrenz<\/td>\n<td>L.Galea<\/td>\n<\/tr>\n<tr>\n<td>Innu tal-Banda<\/td>\n<td>H.H.Dalli<\/td>\n<\/tr>\n<\/tbody>\n<\/table>\n<\/td>\n<td><a href=\"https:\/\/bandasanlawrenz.com\/wp-content\/uploads\/2010\/07\/1987.jpg\"><img loading=\"lazy\" decoding=\"async\" class=\"size-medium wp-image-1038\" title=\"1987 Cassette Cover\" src=\"https:\/\/bandasanlawrenz.com\/wp-content\/uploads\/2010\/07\/1987-187x300.jpg\" alt=\"1987 Cassette Cover\" width=\"187\" height=\"300\" \/><\/a><\/td>\n<\/tr>\n<tr>\n<td align=\"center\"><\/td>\n<\/tr>\n<\/tbody>\n<\/table>\n<h3>Mar\u010bi Briju\u017ci 1990<\/h3>\n<table border=\"0\">\n<tbody>\n<tr>\n<td>\n<table border=\"0\">\n<tbody>\n<tr>\n<td width=\"300\">Anniversary<\/td>\n<td width=\"200\">H.H.Dalli<\/td>\n<\/tr>\n<tr>\n<td>San Orenzio<\/td>\n<td>H.H.Dalli<\/td>\n<\/tr>\n<tr>\n<td>Amore dell&#8217;Arte<\/td>\n<td>H.H.Dalli<\/td>\n<\/tr>\n<tr>\n<td>Santa Pa\u010benzja<\/td>\n<td>H.H.Dalli<\/td>\n<\/tr>\n<tr>\n<td>Wesca<\/td>\n<td>H.H.Dalli<\/td>\n<\/tr>\n<tr>\n<td>The Stars<\/td>\n<td>H.H.Dalli<\/td>\n<\/tr>\n<tr>\n<td>Salute to Malta<\/td>\n<td>H.H.Dalli<\/td>\n<\/tr>\n<tr>\n<td>Kolle\u0121\u0121jata<\/td>\n<td>H.H.Dalli<\/td>\n<\/tr>\n<tr>\n<td>Asswero<\/td>\n<td>H.H.Dalli<\/td>\n<\/tr>\n<tr>\n<td>Innu tal-Banda<\/td>\n<td>H.H.Dalli<\/td>\n<\/tr>\n<\/tbody>\n<\/table>\n<\/td>\n<td><a href=\"https:\/\/bandasanlawrenz.com\/wp-content\/uploads\/2010\/07\/1990.jpg\"><img loading=\"lazy\" decoding=\"async\" class=\"size-medium wp-image-1039\" title=\"1990 Cassette Cover\" src=\"https:\/\/bandasanlawrenz.com\/wp-content\/uploads\/2010\/07\/1990-235x300.jpg\" alt=\"1990 Cassette Cover\" width=\"235\" height=\"300\" \/><\/a><\/td>\n<\/tr>\n<tr>\n<td align=\"center\"><\/td>\n<\/tr>\n<\/tbody>\n<\/table>\n<h3>Mar\u010bi Briju\u017ci 1990<\/h3>\n<table border=\"0\">\n<tbody>\n<tr>\n<td>\n<table border=\"0\">\n<tbody>\n<tr>\n<td width=\"300\">Innu Mar\u010b lil San Lawrenz<\/td>\n<td width=\"200\">G. Frendo<\/td>\n<\/tr>\n<tr>\n<td>Clayton 1990<\/td>\n<td>P. Schembri<\/td>\n<\/tr>\n<tr>\n<td>Toni u Rita<\/td>\n<td>R. Cremona<\/td>\n<\/tr>\n<tr>\n<td>San Lorenzo 1090-1990<\/td>\n<td>S. Fabri<\/td>\n<\/tr>\n<tr>\n<td>Wayne u Kurt<\/td>\n<td>A. Mizzi<\/td>\n<\/tr>\n<tr>\n<td>Il-Palma Dominanti<\/td>\n<td>R. Sciberras<\/td>\n<\/tr>\n<tr>\n<td>Evtom<\/td>\n<td>J. Theuma<\/td>\n<\/tr>\n<tr>\n<td>900 Sena Parro\u010b\u010ba<\/td>\n<td>E. Bugeja<\/td>\n<\/tr>\n<tr>\n<td>Walmar<\/td>\n<td>C. Mallia<\/td>\n<\/tr>\n<tr>\n<td>Lauandro<\/td>\n<td>J.Mamo<\/td>\n<\/tr>\n<tr>\n<td>Ta&#8217; Gellel<\/td>\n<td>A. Sammut<\/td>\n<\/tr>\n<tr>\n<td>Maqg\u0127udin u Fer\u0127anin<\/td>\n<td>P. Schembri<\/td>\n<\/tr>\n<tr>\n<td>Belt Tag\u0127na Nifir\u0127ulek<\/td>\n<td>Kan. L. Mifsud<\/td>\n<\/tr>\n<tr>\n<td>Innu San Lawrenz<\/td>\n<td>L. Galea<\/td>\n<\/tr>\n<tr>\n<td>Innu tal-Banda<\/td>\n<td>H. H. Dalli<\/td>\n<\/tr>\n<\/tbody>\n<\/table>\n<\/td>\n<td><a href=\"https:\/\/bandasanlawrenz.com\/wp-content\/uploads\/2022\/05\/1990.jpg\"><img loading=\"lazy\" decoding=\"async\" class=\" wp-image-23598 aligncenter\" src=\"https:\/\/bandasanlawrenz.com\/wp-content\/uploads\/2022\/05\/1990.jpg\" alt=\"\" width=\"240\" height=\"300\" srcset=\"https:\/\/bandasanlawrenz.com\/wp-content\/uploads\/2022\/05\/1990.jpg 644w, https:\/\/bandasanlawrenz.com\/wp-content\/uploads\/2022\/05\/1990-479x600.jpg 479w, https:\/\/bandasanlawrenz.com\/wp-content\/uploads\/2022\/05\/1990-319x400.jpg 319w\" sizes=\"auto, (max-width: 240px) 100vw, 240px\" \/><\/a><\/td>\n<\/tr>\n<tr>\n<td align=\"center\"><\/td>\n<\/tr>\n<\/tbody>\n<\/table>\n<h3>Mar\u010bi Briju\u017ci 1992<\/h3>\n<table border=\"0\">\n<tbody>\n<tr>\n<td>\n<table border=\"0\">\n<tbody>\n<tr>\n<td width=\"300\">Innu Mar\u010b lil San Lawrenz<\/td>\n<td width=\"200\">P.Schembri<\/td>\n<\/tr>\n<tr>\n<td>The Glorious City<\/td>\n<td>P.Schembri<\/td>\n<\/tr>\n<tr>\n<td>I\u010b-\u010aambu<\/td>\n<td>A.Mizzi<\/td>\n<\/tr>\n<tr>\n<td>Li\u017c-\u017bg\u0127a\u017cag\u0127 Palmi\u017ci<\/td>\n<td>E.Bugeja<\/td>\n<\/tr>\n<tr>\n<td>Ta&#8217; Indri<\/td>\n<td>A.Calleja<\/td>\n<\/tr>\n<tr>\n<td>10 t&#8217;Awwissu 1992<\/td>\n<td>M.Bugelli<\/td>\n<\/tr>\n<tr>\n<td>Sussu<\/td>\n<td>J.Mamo<\/td>\n<\/tr>\n<tr>\n<td>Tlaqna l-Ballu<\/td>\n<td>Maj. A. Aquilina<\/td>\n<\/tr>\n<tr>\n<td>Fer\u0127 u Allegrija<\/td>\n<td>P.Schembri<\/td>\n<\/tr>\n<tr>\n<td>Bum Bum tal-Palma<\/td>\n<td>Maj. A. Aquilina<\/td>\n<\/tr>\n<tr>\n<td>Power Age<\/td>\n<td>A.Mizzi<\/td>\n<\/tr>\n<tr>\n<td>Amanda<\/td>\n<td>C.Vella<\/td>\n<\/tr>\n<tr>\n<td>Fa\u010b\u010bata Majestu\u017ca<\/td>\n<td>B.Bugeja<\/td>\n<\/tr>\n<tr>\n<td>\u0126emel<\/td>\n<td>S.Scicluna<\/td>\n<\/tr>\n<tr>\n<td>Innu Mar\u010b \u010aentinarju<\/td>\n<td>P.Schembri<\/td>\n<\/tr>\n<tr>\n<td>Innu lil San Lawrenz<\/td>\n<td>L.Galea<\/td>\n<\/tr>\n<tr>\n<td>Innu tal-Banda<\/td>\n<td>H.H.Dalli<\/td>\n<\/tr>\n<\/tbody>\n<\/table>\n<\/td>\n<td><a href=\"https:\/\/bandasanlawrenz.com\/wp-content\/uploads\/2010\/07\/1992.jpg\"><img loading=\"lazy\" decoding=\"async\" class=\" wp-image-1040\" title=\"1992 Cassette Cover\" src=\"https:\/\/bandasanlawrenz.com\/wp-content\/uploads\/2010\/07\/1992-186x300.jpg\" alt=\"1992 Cassette Cover\" width=\"187\" height=\"302\" \/><\/a><\/td>\n<\/tr>\n<tr>\n<td align=\"center\"><\/td>\n<\/tr>\n<\/tbody>\n<\/table>\n<h3>Mar\u010bi Briju\u017ci 1993<\/h3>\n<table border=\"0\">\n<tbody>\n<tr>\n<td>\n<table border=\"0\">\n<tbody>\n<tr>\n<td width=\"300\">Innu Mar\u010b lil San Lawrenz<\/td>\n<td width=\"200\">G.Frendo<\/td>\n<\/tr>\n<tr>\n<td>Il-Kbar tal-Birgu<\/td>\n<td>P.Schembri<\/td>\n<\/tr>\n<tr>\n<td>Vinceremos<\/td>\n<td>A.Mizzi<\/td>\n<\/tr>\n<tr>\n<td>Il-Bar il-\u0120did<\/td>\n<td>M.Bugelli<\/td>\n<\/tr>\n<tr>\n<td>Tal-Palma g\u0127all-Allegrija<\/td>\n<td>P.Schembri<\/td>\n<\/tr>\n<tr>\n<td>Pablito<\/td>\n<td>A.Mizzi<\/td>\n<\/tr>\n<tr>\n<td>The Glorious City<\/td>\n<td>P.Schembri<\/td>\n<\/tr>\n<tr>\n<td>Power Age The Emperor<\/td>\n<td>A.Mizzi<\/td>\n<\/tr>\n<tr>\n<td>Flamingoes<\/td>\n<td>H.H.Dalli<\/td>\n<\/tr>\n<tr>\n<td>Innu Mar\u010b \u010aentinarju<\/td>\n<td>P.Schembri<\/td>\n<\/tr>\n<tr>\n<td>Innu tal-Banda<\/td>\n<td>H.H.Dalli<\/td>\n<\/tr>\n<\/tbody>\n<\/table>\n<\/td>\n<td><a href=\"https:\/\/bandasanlawrenz.com\/wp-content\/uploads\/2010\/07\/1993.jpg\"><img loading=\"lazy\" decoding=\"async\" class=\"size-medium wp-image-1041\" title=\"1993 Cassette Cover\" src=\"https:\/\/bandasanlawrenz.com\/wp-content\/uploads\/2010\/07\/1993-224x300.jpg\" alt=\"1993 Cassette Cover\" width=\"224\" height=\"300\" \/><\/a><\/td>\n<\/tr>\n<tr>\n<td align=\"center\"><\/td>\n<\/tr>\n<\/tbody>\n<\/table>\n<h3>Mar\u010bi Briju\u017ci 1994<\/h3>\n<table border=\"0\">\n<tbody>\n<tr>\n<td>\n<table border=\"0\">\n<tbody>\n<tr>\n<td width=\"300\">Innu Mar\u010b lil San Lawrenz<\/td>\n<td width=\"200\">G.Frendo<\/td>\n<\/tr>\n<tr>\n<td>Bandalora \u0120dida<\/td>\n<td>P.Schembri<\/td>\n<\/tr>\n<tr>\n<td>Evviva l-Banda Tag\u0127na<\/td>\n<td>A.Mizzi<\/td>\n<\/tr>\n<tr>\n<td>F&#8217;G\u0127eluq il-\u0126amsin Sena<\/td>\n<td>M.Bugelli<\/td>\n<\/tr>\n<tr>\n<td>El Gringo<\/td>\n<td>J. J. Pace<\/td>\n<\/tr>\n<tr>\n<td>Asswero<\/td>\n<td>H. H. Dalli<\/td>\n<\/tr>\n<tr>\n<td>The Glorious City<\/td>\n<td>P.Schembri<\/td>\n<\/tr>\n<tr>\n<td>Christopher<\/td>\n<td>A. Scicluna<\/td>\n<\/tr>\n<tr>\n<td>Geroline<\/td>\n<td>R. Sciberras<\/td>\n<\/tr>\n<tr>\n<td>Edward<\/td>\n<td>L. Bongailas<\/td>\n<\/tr>\n<tr>\n<td>Sezzjoni \u017bg\u0127a\u017cag\u0127<\/td>\n<td>A. Aquilina<\/td>\n<\/tr>\n<tr>\n<td>Prosit Vittoriosa Stars<\/td>\n<td>P. Schembri<\/td>\n<\/tr>\n<tr>\n<td>Golden Jubilee<\/td>\n<td>J. Azzopardi<\/td>\n<\/tr>\n<tr>\n<td>Stephanie<\/td>\n<td>A. Mizzi<\/td>\n<\/tr>\n<tr>\n<td>Louvic<\/td>\n<td>S. Fabri<\/td>\n<\/tr>\n<tr>\n<td>Innu Mar\u010b \u010aentinarju<\/td>\n<td>P.Schembri<\/td>\n<\/tr>\n<tr>\n<td>Innu Popolari San Lawrenz<\/td>\n<td>L. Galea<\/td>\n<\/tr>\n<tr>\n<td>Innu tal-Banda<\/td>\n<td>H.H.Dalli<\/td>\n<\/tr>\n<\/tbody>\n<\/table>\n<\/td>\n<td><a href=\"https:\/\/bandasanlawrenz.com\/wp-content\/uploads\/2022\/05\/1994.jpg\"><img loading=\"lazy\" decoding=\"async\" class=\" wp-image-23601 aligncenter\" src=\"https:\/\/bandasanlawrenz.com\/wp-content\/uploads\/2022\/05\/1994.jpg\" alt=\"\" width=\"223\" height=\"300\" srcset=\"https:\/\/bandasanlawrenz.com\/wp-content\/uploads\/2022\/05\/1994.jpg 882w, https:\/\/bandasanlawrenz.com\/wp-content\/uploads\/2022\/05\/1994-447x600.jpg 447w, https:\/\/bandasanlawrenz.com\/wp-content\/uploads\/2022\/05\/1994-763x1024.jpg 763w, https:\/\/bandasanlawrenz.com\/wp-content\/uploads\/2022\/05\/1994-298x400.jpg 298w, https:\/\/bandasanlawrenz.com\/wp-content\/uploads\/2022\/05\/1994-768x1031.jpg 768w\" sizes=\"auto, (max-width: 223px) 100vw, 223px\" \/><\/a><\/td>\n<\/tr>\n<tr>\n<td align=\"center\"><\/td>\n<\/tr>\n<\/tbody>\n<\/table>\n<h3>Mar\u010bi Briju\u017ci 1995<\/h3>\n<table border=\"0\">\n<tbody>\n<tr>\n<td>\n<table border=\"0\">\n<tbody>\n<tr>\n<td width=\"300\">F&#8217;San Lawrenz Maqg\u0127udin<\/td>\n<td width=\"200\">P. Schembri<\/td>\n<\/tr>\n<tr>\n<td>Toronto<\/td>\n<td>A. Mizzi<\/td>\n<\/tr>\n<tr>\n<td>Tal-Qalba<\/td>\n<td>J. Busuttil<\/td>\n<\/tr>\n<tr>\n<td>Cobra<\/td>\n<td>P. Schembri<\/td>\n<\/tr>\n<tr>\n<td>Giovanni l-Vieniqua<\/td>\n<td>R. Pisani<\/td>\n<\/tr>\n<tr>\n<td>L-G\u0127ira tal-Kottonera<\/td>\n<td>A. Mizzi<\/td>\n<\/tr>\n<tr>\n<td>Tal-Palma tal-\u0120enn<\/td>\n<td>R. Fenech<\/td>\n<\/tr>\n<tr>\n<td>Carmen<\/td>\n<td>P. Schembri<\/td>\n<\/tr>\n<tr>\n<td>Il-Gimu<\/td>\n<td>A. Aquilina<\/td>\n<\/tr>\n<tr>\n<td>Innu Popolari San Lawrenz<\/td>\n<td>L. Galea<\/td>\n<\/tr>\n<tr>\n<td>Innu tal-Banda<\/td>\n<td>H.H.Dalli<\/td>\n<\/tr>\n<\/tbody>\n<\/table>\n<\/td>\n<td><a href=\"https:\/\/bandasanlawrenz.com\/wp-content\/uploads\/2022\/05\/1995.jpg\"><img loading=\"lazy\" decoding=\"async\" class=\" wp-image-23603 aligncenter\" src=\"https:\/\/bandasanlawrenz.com\/wp-content\/uploads\/2022\/05\/1995.jpg\" alt=\"\" width=\"224\" height=\"300\" srcset=\"https:\/\/bandasanlawrenz.com\/wp-content\/uploads\/2022\/05\/1995.jpg 598w, https:\/\/bandasanlawrenz.com\/wp-content\/uploads\/2022\/05\/1995-449x600.jpg 449w, https:\/\/bandasanlawrenz.com\/wp-content\/uploads\/2022\/05\/1995-299x400.jpg 299w\" sizes=\"auto, (max-width: 224px) 100vw, 224px\" \/><\/a><\/td>\n<\/tr>\n<tr>\n<td align=\"center\"><\/td>\n<\/tr>\n<\/tbody>\n<\/table>\n<h3>Mar\u010bi Briju\u017ci 1996<\/h3>\n<table border=\"0\">\n<tbody>\n<tr>\n<td>\n<table border=\"0\">\n<tbody>\n<tr>\n<td width=\"300\">Innu Mar\u010b lil San Lawrenz<\/td>\n<td width=\"200\">G.Frendo<\/td>\n<\/tr>\n<tr>\n<td>Simon<\/td>\n<td>P.Schembri<\/td>\n<\/tr>\n<tr>\n<td>Il-Banda ta\u017c-\u017bg\u0127a\u017cag\u0127<\/td>\n<td>M.Bugelli<\/td>\n<\/tr>\n<tr>\n<td>Ziju \u010aikk<\/td>\n<td>Maj. A.Aquilina<\/td>\n<\/tr>\n<tr>\n<td>San Orenzio<\/td>\n<td>H.H.Dalli<\/td>\n<\/tr>\n<tr>\n<td>Il-\u0126bieb tal-Bar<\/td>\n<td>A.Mizzi<\/td>\n<\/tr>\n<tr>\n<td>Joe l-Gabuba<\/td>\n<td>R.Fenech<\/td>\n<\/tr>\n<tr>\n<td>So\u010bjeta` Armata<\/td>\n<td>V.Ciappara<\/td>\n<\/tr>\n<tr>\n<td>Wenzu<\/td>\n<td>R.Pisani<\/td>\n<\/tr>\n<tr>\n<td>The Golden Fountain<\/td>\n<td>C.Zammit<\/td>\n<\/tr>\n<tr>\n<td>Democrazia<\/td>\n<td>G.Giumarra<\/td>\n<\/tr>\n<tr>\n<td>Innu lil San Lawrenz<\/td>\n<td>L.Galea<\/td>\n<\/tr>\n<tr>\n<td>Innu tal-Banda<\/td>\n<td>H.H.Dalli<\/td>\n<\/tr>\n<\/tbody>\n<\/table>\n<\/td>\n<td><a href=\"https:\/\/bandasanlawrenz.com\/wp-content\/uploads\/2010\/07\/1996.jpg\"><img loading=\"lazy\" decoding=\"async\" class=\"size-medium wp-image-1042\" title=\"1996 Cassette Cover\" src=\"https:\/\/bandasanlawrenz.com\/wp-content\/uploads\/2010\/07\/1996-208x300.jpg\" alt=\"1996 Cassette Cover\" width=\"208\" height=\"300\" \/><\/a><\/td>\n<\/tr>\n<tr>\n<td align=\"center\"><\/td>\n<\/tr>\n<\/tbody>\n<\/table>\n<h3>Mar\u010bi Briju\u017ci 1997<\/h3>\n<table border=\"0\">\n<tbody>\n<tr>\n<td>\n<table border=\"0\">\n<tbody>\n<tr>\n<td width=\"300\">Innu Mar\u010b lil San Lawrenz<\/td>\n<td width=\"200\">G.Frendo<\/td>\n<\/tr>\n<tr>\n<td>Simon<\/td>\n<td>P.Schembri<\/td>\n<\/tr>\n<tr>\n<td>Giovanni l-Vieniqua<\/td>\n<td>R.Pisani<\/td>\n<\/tr>\n<tr>\n<td>I\u017c-\u017bibra<\/td>\n<td>D.Agius<\/td>\n<\/tr>\n<tr>\n<td>Su\u010b\u010bess wara l-ie\u0127or<\/td>\n<td>J.Boffa<\/td>\n<\/tr>\n<tr>\n<td>Vinceremos<\/td>\n<td>A.Mizzi<\/td>\n<\/tr>\n<tr>\n<td>Tal-Qalba<\/td>\n<td>J.Busuttil<\/td>\n<\/tr>\n<tr>\n<td>Tal-Palma tal-\u0120enn<\/td>\n<td>R.Fenech<\/td>\n<\/tr>\n<tr>\n<td>Il-Banda ta\u017c-\u017bg\u0127a\u017cag\u0127<\/td>\n<td>M.Bugelli<\/td>\n<\/tr>\n<tr>\n<td>Super Palmi\u017ci<\/td>\n<td>M.Testa<\/td>\n<\/tr>\n<tr>\n<td>Innu tal-Banda<\/td>\n<td>H.H.Dalli<\/td>\n<\/tr>\n<\/tbody>\n<\/table>\n<\/td>\n<td><a href=\"https:\/\/bandasanlawrenz.com\/wp-content\/uploads\/2010\/07\/1997.jpg\"><img loading=\"lazy\" decoding=\"async\" class=\"size-medium wp-image-1043\" title=\"1997 Cassette Cover\" src=\"https:\/\/bandasanlawrenz.com\/wp-content\/uploads\/2010\/07\/1997-221x300.jpg\" alt=\"1997 Cassette Cover\" width=\"221\" height=\"300\" \/><\/a><\/td>\n<\/tr>\n<tr>\n<td align=\"center\"><\/td>\n<\/tr>\n<\/tbody>\n<\/table>\n<h3>Mar\u010bi Briju\u017ci 1998<\/h3>\n<table border=\"0\">\n<tbody>\n<tr>\n<td>\n<table border=\"0\">\n<tbody>\n<tr>\n<td width=\"300\">Innu Mar\u010b lil San Lawrenz<\/td>\n<td width=\"200\">G.Frendo<\/td>\n<\/tr>\n<tr>\n<td>G\u0127axar Snin President<\/td>\n<td>P.Schembri<\/td>\n<\/tr>\n<tr>\n<td>Marie Louise<\/td>\n<td>H.H.Dalli<\/td>\n<\/tr>\n<tr>\n<td>1997 &#8211; Sena Memorabbli<\/td>\n<td>M.Bugeja<\/td>\n<\/tr>\n<tr>\n<td>Marger<\/td>\n<td>E.Bugeja<\/td>\n<\/tr>\n<tr>\n<td>Orient<\/td>\n<td>S.Fabri<\/td>\n<\/tr>\n<tr>\n<td>Cha Cha<\/td>\n<td>P.Schembri<\/td>\n<\/tr>\n<tr>\n<td>Il-Bit\u0127a l-\u0120dida<\/td>\n<td>J.Mamo<\/td>\n<\/tr>\n<tr>\n<td>Sailor Prince<\/td>\n<td>P.Buttigieg<\/td>\n<\/tr>\n<tr>\n<td>Il-Mi\u0121jia tar-Relikwija<\/td>\n<td>R.Fenech<\/td>\n<\/tr>\n<tr>\n<td>Passodoble<\/td>\n<td>P.Schembri<\/td>\n<\/tr>\n<tr>\n<td>Innu Mar\u010b \u010aentinarju<\/td>\n<td>P.Schembri<\/td>\n<\/tr>\n<tr>\n<td>Innu lil San Lawrenz<\/td>\n<td>L.Galea<\/td>\n<\/tr>\n<tr>\n<td>Innu tal-Banda<\/td>\n<td>H.H.Dalli<\/td>\n<\/tr>\n<\/tbody>\n<\/table>\n<\/td>\n<td><a href=\"https:\/\/bandasanlawrenz.com\/wp-content\/uploads\/2010\/07\/1998.jpg\"><img loading=\"lazy\" decoding=\"async\" class=\"size-medium wp-image-1044\" title=\"1998 Cassette Cover\" src=\"https:\/\/bandasanlawrenz.com\/wp-content\/uploads\/2010\/07\/1998-220x300.jpg\" alt=\"1998 Cassette Cover\" width=\"220\" height=\"300\" \/><\/a><\/td>\n<\/tr>\n<tr>\n<td align=\"center\"><\/td>\n<\/tr>\n<\/tbody>\n<\/table>\n<h3>Mar\u010bi Briju\u017ci 2000<\/h3>\n<table border=\"0\">\n<tbody>\n<tr>\n<td>\n<table border=\"0\">\n<tbody>\n<tr>\n<td width=\"300\">Innu Mar\u010b lil San Lawrenz<\/td>\n<td width=\"200\">G. Frendo<\/td>\n<\/tr>\n<tr>\n<td>Boogie&#8217;s Child<\/td>\n<td>D. Agius<\/td>\n<\/tr>\n<tr>\n<td>Fa\u010b\u010bata Majestu\u017ca<\/td>\n<td>B. Bugeja<\/td>\n<\/tr>\n<tr>\n<td>Brian &amp; Brian<\/td>\n<td>D. Caruana<\/td>\n<\/tr>\n<tr>\n<td>L-Ewwel u l-Aqwa Banda<\/td>\n<td>A. Mizzi<\/td>\n<\/tr>\n<tr>\n<td>Il-Banda tal-Padrun<\/td>\n<td>D. Camilleri<\/td>\n<\/tr>\n<tr>\n<td>Emperor<\/td>\n<td>A. Mizzi<\/td>\n<\/tr>\n<tr>\n<td>Tlaqna l-Ballu<\/td>\n<td>Maj,. A. Aquilina<\/td>\n<\/tr>\n<tr>\n<td>It-Tosu<\/td>\n<td>D. Caruana<\/td>\n<\/tr>\n<tr>\n<td>Innu Mar\u010b \u010aentinarju<\/td>\n<td>P. Schembri<\/td>\n<\/tr>\n<tr>\n<td>Innu tal-Banda<\/td>\n<td>H.H.Dalli<\/td>\n<\/tr>\n<\/tbody>\n<\/table>\n<\/td>\n<td><img loading=\"lazy\" decoding=\"async\" class=\"size-medium wp-image-1045\" title=\"2000 Cassette Cover\" src=\"https:\/\/bandasanlawrenz.com\/wp-content\/uploads\/2010\/07\/2000-193x300.jpg\" alt=\"2000 Cassette Cover\" width=\"193\" height=\"300\" \/><\/td>\n<\/tr>\n<tr>\n<td align=\"center\"><\/td>\n<\/tr>\n<\/tbody>\n<\/table>\n<h3>Mar\u010bi Briju\u017ci 2000<\/h3>\n<table border=\"0\">\n<tbody>\n<tr>\n<td>\n<table border=\"0\">\n<tbody>\n<tr>\n<td width=\"300\">Innu Mar\u010b lil San Lawrenz<\/td>\n<td width=\"200\">G. Frendo<\/td>\n<\/tr>\n<tr>\n<td>Simon<\/td>\n<td>P. Schembri<\/td>\n<\/tr>\n<tr>\n<td>Asswero<\/td>\n<td>H. H. Dalli<\/td>\n<\/tr>\n<tr>\n<td>Louvic<\/td>\n<td>S. Fabri<\/td>\n<\/tr>\n<tr>\n<td>Il-Banda ta\u017c-\u017bg\u0127a\u017cag\u0127<\/td>\n<td>M. Bugelli<\/td>\n<\/tr>\n<tr>\n<td>Amanda<\/td>\n<td>C. Vella<\/td>\n<\/tr>\n<tr>\n<td>Ziju \u010aikk<\/td>\n<td>A. Aquilina<\/td>\n<\/tr>\n<tr>\n<td>Sailor Prince<\/td>\n<td>P. Buttigieg<\/td>\n<\/tr>\n<tr>\n<td>900 Sena Parro\u010b\u010ba<\/td>\n<td>E. Bugeja<\/td>\n<\/tr>\n<tr>\n<td>Toronto<\/td>\n<td>A. Mizzi<\/td>\n<\/tr>\n<tr>\n<td>Edward<\/td>\n<td>L. Bongailas<\/td>\n<\/tr>\n<tr>\n<td>10 t&#8217;Awwissu 1989<\/td>\n<td>R. Sciberras<\/td>\n<\/tr>\n<tr>\n<td>Sussu<\/td>\n<td>J. Mamo<\/td>\n<\/tr>\n<tr>\n<td>Tal-Palma tal-\u0120enn<\/td>\n<td>R. Fenech<\/td>\n<\/tr>\n<tr>\n<td>Innu Mar\u010b \u010aentinarju<\/td>\n<td>P. Schembri<\/td>\n<\/tr>\n<tr>\n<td>Innu San Lawrenz<\/td>\n<td>L. Galea<\/td>\n<\/tr>\n<tr>\n<td>Innu tal-Banda<\/td>\n<td>H.H.Dalli<\/td>\n<\/tr>\n<\/tbody>\n<\/table>\n<\/td>\n<td><a href=\"https:\/\/bandasanlawrenz.com\/wp-content\/uploads\/2022\/05\/2000.jpg\"><img loading=\"lazy\" decoding=\"async\" class=\" wp-image-23607 aligncenter\" src=\"https:\/\/bandasanlawrenz.com\/wp-content\/uploads\/2022\/05\/2000.jpg\" alt=\"\" width=\"227\" height=\"299\" srcset=\"https:\/\/bandasanlawrenz.com\/wp-content\/uploads\/2022\/05\/2000.jpg 1554w, https:\/\/bandasanlawrenz.com\/wp-content\/uploads\/2022\/05\/2000-455x600.jpg 455w, https:\/\/bandasanlawrenz.com\/wp-content\/uploads\/2022\/05\/2000-777x1024.jpg 777w, https:\/\/bandasanlawrenz.com\/wp-content\/uploads\/2022\/05\/2000-304x400.jpg 304w, https:\/\/bandasanlawrenz.com\/wp-content\/uploads\/2022\/05\/2000-768x1012.jpg 768w, https:\/\/bandasanlawrenz.com\/wp-content\/uploads\/2022\/05\/2000-1166x1536.jpg 1166w\" sizes=\"auto, (max-width: 227px) 100vw, 227px\" \/><\/a><\/td>\n<\/tr>\n<tr>\n<td align=\"center\"><\/td>\n<\/tr>\n<\/tbody>\n<\/table>\n<h3>Mar\u010bi Briju\u017ci 2001<\/h3>\n<table border=\"0\">\n<tbody>\n<tr>\n<td>\n<table border=\"0\">\n<tbody>\n<tr>\n<td width=\"300\">Innu Mar\u010b San Lawrenz<\/td>\n<td width=\"200\">G.Frendo<\/td>\n<\/tr>\n<tr>\n<td>Loredana<\/td>\n<td>P.Schembri<\/td>\n<\/tr>\n<tr>\n<td>Georgina<\/td>\n<td>A.Mizzi<\/td>\n<\/tr>\n<tr>\n<td>Il-President<\/td>\n<td>U.Buhagiar<\/td>\n<\/tr>\n<tr>\n<td>Jacob<\/td>\n<td>D.Agius<\/td>\n<\/tr>\n<tr>\n<td>Carmel<\/td>\n<td>S.Fabri<\/td>\n<\/tr>\n<tr>\n<td>Lawrence &amp; Andrew<\/td>\n<td>J.Vella<\/td>\n<\/tr>\n<tr>\n<td>Tony Aquilina<\/td>\n<td>D.Darmanin<\/td>\n<\/tr>\n<tr>\n<td>Flamingoes<\/td>\n<td>H.H.Dalli<\/td>\n<\/tr>\n<tr>\n<td>Nisa Palmi\u017ci<\/td>\n<td>R.Schiberras<\/td>\n<\/tr>\n<tr>\n<td>John &amp; Michael<\/td>\n<td>M.Bugelli<\/td>\n<\/tr>\n<tr>\n<td>Tal-\u0126ajjat<\/td>\n<td>E.L.Abela<\/td>\n<\/tr>\n<tr>\n<td>Innu Mar\u010b \u010aentinarju<\/td>\n<td>P.Schembri<\/td>\n<\/tr>\n<tr>\n<td>Innu lil-San Lawrenz<\/td>\n<td>L.Galea<\/td>\n<\/tr>\n<tr>\n<td>Innu tal-Banda<\/td>\n<td>H.H.Dalli<\/td>\n<\/tr>\n<\/tbody>\n<\/table>\n<\/td>\n<td><a href=\"https:\/\/bandasanlawrenz.com\/wp-content\/uploads\/2010\/07\/2001.jpg\"><img loading=\"lazy\" decoding=\"async\" class=\"size-medium wp-image-1046\" title=\"2001 Cassette Cover\" src=\"https:\/\/bandasanlawrenz.com\/wp-content\/uploads\/2010\/07\/2001-187x300.jpg\" alt=\"2001 Cassette Cover\" width=\"187\" height=\"300\" \/><\/a><\/td>\n<\/tr>\n<tr>\n<td align=\"center\"><\/td>\n<\/tr>\n<\/tbody>\n<\/table>\n<p>&nbsp;<\/p>\n","protected":false},"excerpt":{"rendered":"<p>Mar\u010bi Briju\u017ci 1983 Innu Mar\u010b lil San Lawrenz G.Frendo \u010aentinarju P.Schembri Kan. Lorenzo Saliba C.Caruana St. Lawrence Youth Centre P.Buttigieg Wenzu Farrugia P.P.Ciantar Peru F.Mizzi Amabile Galea A.Pace Dilettanti tal-Festa L.Borg Daniela S.Fabri Innu Mar\u010b lill-Banda San Lawrenz P.Schembri Innu lil San Lawrenz L.Galea Innu tal-Banda H.H.Dalli Mar\u010bi Briju\u017ci 1985 Innu Mar\u010b lil San Lawrenz<a class=\"moretag\" href=\"https:\/\/bandasanlawrenz.com\/en\/media\/cassettes\/\"><span class=\"screen-reader-text\">Read more about Cassettes Festive Marches<\/span>[&#8230;]<\/a><\/p>\n","protected":false},"author":1,"featured_media":0,"parent":11031,"menu_order":1,"comment_status":"closed","ping_status":"closed","template":"","meta":{"footnotes":""},"class_list":["post-11035","page","type-page","status-publish","hentry"],"_links":{"self":[{"href":"https:\/\/bandasanlawrenz.com\/en\/wp-json\/wp\/v2\/pages\/11035","targetHints":{"allow":["GET"]}}],"collection":[{"href":"https:\/\/bandasanlawrenz.com\/en\/wp-json\/wp\/v2\/pages"}],"about":[{"href":"https:\/\/bandasanlawrenz.com\/en\/wp-json\/wp\/v2\/types\/page"}],"author":[{"embeddable":true,"href":"https:\/\/bandasanlawrenz.com\/en\/wp-json\/wp\/v2\/users\/1"}],"replies":[{"embeddable":true,"href":"https:\/\/bandasanlawrenz.com\/en\/wp-json\/wp\/v2\/comments?post=11035"}],"version-history":[{"count":9,"href":"https:\/\/bandasanlawrenz.com\/en\/wp-json\/wp\/v2\/pages\/11035\/revisions"}],"predecessor-version":[{"id":23611,"href":"https:\/\/bandasanlawrenz.com\/en\/wp-json\/wp\/v2\/pages\/11035\/revisions\/23611"}],"up":[{"embeddable":true,"href":"https:\/\/bandasanlawrenz.com\/en\/wp-json\/wp\/v2\/pages\/11031"}],"wp:attachment":[{"href":"https:\/\/bandasanlawrenz.com\/en\/wp-json\/wp\/v2\/media?parent=11035"}],"curies":[{"name":"wp","href":"https:\/\/api.w.org\/{rel}","templated":true}]}}