{"id":11041,"date":"2016-07-26T18:46:55","date_gmt":"2016-07-26T16:46:55","guid":{"rendered":"https:\/\/bandasanlawrenz.com\/en\/?page_id=11041"},"modified":"2022-05-30T19:20:04","modified_gmt":"2022-05-30T17:20:04","slug":"cds-funeral-marches","status":"publish","type":"page","link":"https:\/\/bandasanlawrenz.com\/en\/media\/cds-funeral-marches\/","title":{"rendered":"CDs Funeral Marches"},"content":{"rendered":"<h3 style=\"text-align: center;\">Funeral Marches 2001: \u20ac5<\/h3>\n<div align=\"center\"><a href=\"https:\/\/bandasanlawrenz.com\/wp-content\/uploads\/2010\/07\/Front-Cover-Marci-Funebri-2001.jpg\"><img loading=\"lazy\" decoding=\"async\" class=\"size-medium wp-image-1159\" title=\"Front Cover Marci Funebri 2001\" src=\"https:\/\/bandasanlawrenz.com\/wp-content\/uploads\/2010\/07\/Front-Cover-Marci-Funebri-2001-300x297.jpg\" alt=\"Front Cover Marci Funebri 2001\" width=\"300\" height=\"297\" \/><\/a><\/div>\n<div align=\"center\">\n<table border=\"0\">\n<tbody>\n<tr>\n<td>1<\/td>\n<td>In Memory of Albert &amp; Rosanna Farrugia<\/td>\n<td>P. Schembri<\/td>\n<td>6.15<\/td>\n<td><a href=\"https:\/\/bandasanlawrenz.com\/wp-content\/uploads\/2010\/07\/In-Memory-of-Albert-Rosanna-Farrugia.mp3\">Preview<\/a><\/td>\n<\/tr>\n<tr>\n<td>2<\/td>\n<td>Tristes Est<\/td>\n<td>L. Galea<\/td>\n<td>5:22<\/td>\n<td><a href=\"https:\/\/bandasanlawrenz.com\/wp-content\/uploads\/2010\/07\/Tristes-Est.mp3\">Preview<\/a><\/td>\n<\/tr>\n<tr>\n<td>3<\/td>\n<td>Marcia No.2<\/td>\n<td>Kan. L. Fenech<\/td>\n<td>9:38<\/td>\n<td><a href=\"https:\/\/bandasanlawrenz.com\/wp-content\/uploads\/2010\/07\/Marcia-No-2.mp3\">Preview<\/a><\/td>\n<\/tr>\n<tr>\n<td>4<\/td>\n<td>Calde Lacrime<\/td>\n<td>De Michelis<\/td>\n<td>6:14<\/td>\n<td><a href=\"https:\/\/bandasanlawrenz.com\/wp-content\/uploads\/2010\/07\/Calde-Lacrime.mp3\">Preview<\/a><\/td>\n<\/tr>\n<tr>\n<td>5<\/td>\n<td>A Mio Padre<\/td>\n<td>H. H. Dalli<\/td>\n<td>6:08<\/td>\n<td><a href=\"https:\/\/bandasanlawrenz.com\/wp-content\/uploads\/2010\/07\/A-Mio-Padra.mp3\">Preview<\/a><\/td>\n<\/tr>\n<tr>\n<td>6<\/td>\n<td>Sul Golgota<\/td>\n<td>G. Giumarra<\/td>\n<td>5:40<\/td>\n<td><a href=\"https:\/\/bandasanlawrenz.com\/wp-content\/uploads\/2010\/07\/Sul-Golgota.mp3\">Preview<\/a><\/td>\n<\/tr>\n<tr>\n<td>7<\/td>\n<td>Ai Miei Cari Genitori<\/td>\n<td>S. Fabri<\/td>\n<td>7:06<\/td>\n<td><a href=\"https:\/\/bandasanlawrenz.com\/wp-content\/uploads\/2010\/07\/Ai-Miei-Cari-Genitori.mp3\">Preview<\/a><\/td>\n<\/tr>\n<tr>\n<td>8<\/td>\n<td>Tutto Fini<\/td>\n<td>G. Frendo<\/td>\n<td>5:36<\/td>\n<td><a href=\"https:\/\/bandasanlawrenz.com\/wp-content\/uploads\/2010\/07\/Tutto-Fini.mp3\">Preview<\/a><\/td>\n<\/tr>\n<tr>\n<td>9<\/td>\n<td>Sette Dolore<\/td>\n<td>P. Borg<\/td>\n<td>6:43<\/td>\n<td><a href=\"https:\/\/bandasanlawrenz.com\/wp-content\/uploads\/2010\/07\/Sette-Dolore.mp3\">Preview<\/a><\/td>\n<\/tr>\n<tr>\n<td>10<\/td>\n<td>In Memoria di Giuseppe &amp; Maria Avellino<\/td>\n<td>P. Schembri<\/td>\n<td>4:45<\/td>\n<td><a href=\"https:\/\/bandasanlawrenz.com\/wp-content\/uploads\/2010\/07\/In-Memoria-di-Giuseppe-Maria-Avellino.mp3\">Preview<\/a><\/td>\n<\/tr>\n<\/tbody>\n<\/table>\n<\/div>\n<p align=\"center\"><a href=\"https:\/\/bandasanlawrenz.com\/merchandise\/buy\/\">Buy<\/a><\/p>\n<p>&nbsp;<\/p>\n<h3 style=\"text-align: center;\">Funeral Marches 2005: \u20ac5<\/h3>\n<div align=\"center\">\n<table border=\"0\">\n<tbody>\n<tr>\n<td><a href=\"https:\/\/bandasanlawrenz.com\/wp-content\/uploads\/2010\/07\/Front-Cover-Marci-Funebri-2005.jpg\"><img loading=\"lazy\" decoding=\"async\" class=\"size-medium wp-image-1182 aligncenter\" title=\"Front Cover Marci Funebri 2005\" src=\"https:\/\/bandasanlawrenz.com\/wp-content\/uploads\/2010\/07\/Front-Cover-Marci-Funebri-2005-295x300.jpg\" alt=\"Front Cover Marci Funebri 2005\" width=\"295\" height=\"300\" \/><\/a><\/td>\n<td><\/td>\n<\/tr>\n<\/tbody>\n<\/table>\n<\/div>\n<div align=\"center\">\n<table border=\"0\">\n<tbody>\n<tr>\n<td>1<\/td>\n<td>El Adem 10th October 1961<\/td>\n<td>P. Schembri<\/td>\n<td>9:48<\/td>\n<td><a href=\"https:\/\/bandasanlawrenz.com\/wp-content\/uploads\/2010\/07\/El-Adem-10th-October-1961.mp3\">Preview<\/a><\/td>\n<\/tr>\n<tr>\n<td>2<\/td>\n<td>A Mio Padre<\/td>\n<td>H.H. Dalli<\/td>\n<td>6:43<\/td>\n<td><a href=\"https:\/\/bandasanlawrenz.com\/wp-content\/uploads\/2010\/07\/A-Mio-Padre.mp3\">Preview<\/a><\/td>\n<\/tr>\n<tr>\n<td>3<\/td>\n<td>In Memoria di Lorenzo e Lorenza Farrugia<\/td>\n<td>P. Schembri<\/td>\n<td>6:45<\/td>\n<td><a href=\"https:\/\/bandasanlawrenz.com\/wp-content\/uploads\/2010\/07\/In-Memoria-di-Lorenzo-e-Lorenza-Farrugia.mp3\">Preview<\/a><\/td>\n<\/tr>\n<tr>\n<td>4<\/td>\n<td>A Mia Madre Tereza<\/td>\n<td>H.H. Dalli<\/td>\n<td>6:34<\/td>\n<td><a href=\"https:\/\/bandasanlawrenz.com\/wp-content\/uploads\/2010\/07\/A-Mia-Madre-Tereza.mp3\">Preview<\/a><\/td>\n<\/tr>\n<tr>\n<td>5<\/td>\n<td>In Memoria di Maria e Geraldo Ciantar<\/td>\n<td>P. Schembri<\/td>\n<td>8:02<\/td>\n<td><a href=\"https:\/\/bandasanlawrenz.com\/wp-content\/uploads\/2010\/07\/In-Memoria-di-Maria-e-Geraldo-Ciantar.mp3\">Preview<\/a><\/td>\n<\/tr>\n<tr>\n<td>6<\/td>\n<td>L-A\u0127\u0127ar Tislima<\/td>\n<td>H.H. Dalli<\/td>\n<td>7:16<\/td>\n<td><a href=\"https:\/\/bandasanlawrenz.com\/wp-content\/uploads\/2010\/07\/L-A\u0127\u0127ar-Tislima.mp3\">Preview<\/a><\/td>\n<\/tr>\n<tr>\n<td>7<\/td>\n<td>In Memoria di Giuseppe e Maria Avellino<\/td>\n<td>P. Schembri<\/td>\n<td>5:01<\/td>\n<td><a href=\"https:\/\/bandasanlawrenz.com\/wp-content\/uploads\/2010\/07\/In-Memoria-di-Giuseppe-e-Maria-Avellino.mp3\">Preview<\/a><\/td>\n<\/tr>\n<tr>\n<td>8<\/td>\n<td>The Last Honours<\/td>\n<td>H.H. Dalli<\/td>\n<td>7:21<\/td>\n<td><a href=\"https:\/\/bandasanlawrenz.com\/wp-content\/uploads\/2010\/07\/The-Last-Honours.mp3\">Preview<\/a><\/td>\n<\/tr>\n<tr>\n<td>9<\/td>\n<td>G\u0127a\u017ci\u017ca Ommi<\/td>\n<td>P. Schembri<\/td>\n<td>7:53<\/td>\n<td><a href=\"https:\/\/bandasanlawrenz.com\/wp-content\/uploads\/2010\/07\/G\u0127a\u017ci\u017ca-Ommi.mp3\">Preview<\/a><\/td>\n<\/tr>\n<tr>\n<td>10<\/td>\n<td>Getsemani<\/td>\n<td>H.H. Dalli<\/td>\n<td>7:35<\/td>\n<td><a href=\"https:\/\/bandasanlawrenz.com\/wp-content\/uploads\/2010\/07\/Getsemani.mp3\">Preview<\/a><\/td>\n<\/tr>\n<\/tbody>\n<\/table>\n<\/div>\n<p align=\"center\"><a href=\"https:\/\/bandasanlawrenz.com\/merchandise\/buy\/\">Buy<\/a><\/p>\n<p>&nbsp;<\/p>\n<h3 style=\"text-align: center;\">Funeral Marches Double Album 2008: \u20ac10<\/h3>\n<p><a href=\"https:\/\/bandasanlawrenz.com\/wp-content\/uploads\/2010\/07\/Front-Cover-Marci-Funebri-u-Valzi-2008.jpg\"><img loading=\"lazy\" decoding=\"async\" class=\"aligncenter size-medium wp-image-1224\" title=\"Front Cover Marci Funebri u Valzi 2008\" src=\"https:\/\/bandasanlawrenz.com\/wp-content\/uploads\/2010\/07\/Front-Cover-Marci-Funebri-u-Valzi-2008-300x285.jpg\" alt=\"Front Cover Marci Funebri u Valzi 2008\" width=\"300\" height=\"285\" \/><\/a><\/p>\n<h3 style=\"text-align: center;\">Disc 1 &#8211; Funeral Marches<\/h3>\n<p><a href=\"https:\/\/bandasanlawrenz.com\/wp-content\/uploads\/2010\/07\/Marci-Funebri-2008.jpg\"><img loading=\"lazy\" decoding=\"async\" class=\"aligncenter size-medium wp-image-1225\" title=\"Marci Funebri - 2008\" src=\"https:\/\/bandasanlawrenz.com\/wp-content\/uploads\/2010\/07\/Marci-Funebri-2008-300x298.jpg\" alt=\"Marci Funebri - 2008\" width=\"300\" height=\"298\" \/><\/a><\/p>\n<div align=\"center\">\n<table border=\"0\">\n<tbody>\n<tr>\n<td>1<\/td>\n<td>In Memoria di Maria e Carmelo Scicluna<\/td>\n<td>Paul Schembri<\/td>\n<td>5:44<\/td>\n<td><a href=\"https:\/\/bandasanlawrenz.com\/wp-content\/uploads\/2010\/07\/In-Memoria-di-Maria-e-Carmelo-Scicluna.mp3\">Preview<\/a><\/td>\n<\/tr>\n<tr>\n<td>2<\/td>\n<td>Pensiero Funebre<\/td>\n<td>Giovanni Giumarra<\/td>\n<td>8:51<\/td>\n<td><a href=\"https:\/\/bandasanlawrenz.com\/wp-content\/uploads\/2010\/07\/Pensiero-Funebre.mp3\">Preview<\/a><\/td>\n<\/tr>\n<tr>\n<td>3<\/td>\n<td>Corona Di Cipresso<\/td>\n<td>Pacifico Scicluna<\/td>\n<td>8:54<\/td>\n<td><a href=\"https:\/\/bandasanlawrenz.com\/wp-content\/uploads\/2010\/07\/Corona-di-Cipresso.mp3\">Preview<\/a><\/td>\n<\/tr>\n<tr>\n<td>4<\/td>\n<td>Mater Dolorosa<\/td>\n<td>Vincenzo Ciappara<\/td>\n<td>7:51<\/td>\n<td><a href=\"https:\/\/bandasanlawrenz.com\/wp-content\/uploads\/2010\/07\/Mater-Dolorosa.mp3\">Preview<\/a><\/td>\n<\/tr>\n<tr>\n<td>5<\/td>\n<td>Sulla Tomba del Signore<\/td>\n<td>Hector H. Dalli<\/td>\n<td>8:50<\/td>\n<td><a href=\"https:\/\/bandasanlawrenz.com\/wp-content\/uploads\/2010\/07\/Sulla-Tomba-del-Signore.mp3\">Preview<\/a><\/td>\n<\/tr>\n<tr>\n<td>6<\/td>\n<td>A Mio Padre<\/td>\n<td>Amilcare Ponchielli<\/td>\n<td>8:53<\/td>\n<td><a href=\"https:\/\/bandasanlawrenz.com\/wp-content\/uploads\/2010\/07\/A-Mio-Padre1.mp3\">Preview<\/a><\/td>\n<\/tr>\n<tr>\n<td>7<\/td>\n<td>Sospiro dell\u2019Anima<\/td>\n<td>Giovanni Giumarra<\/td>\n<td>7:53<\/td>\n<td><a href=\"https:\/\/bandasanlawrenz.com\/wp-content\/uploads\/2010\/07\/Sospiro-dell-Anima.mp3\">Preview<\/a><\/td>\n<\/tr>\n<tr>\n<td>8<\/td>\n<td>Non Obliarmi<\/td>\n<td>Giuseppe Farrugia<\/td>\n<td>6:28<\/td>\n<td><a href=\"https:\/\/bandasanlawrenz.com\/wp-content\/uploads\/2010\/07\/Non-Obliarmi.mp3\">Preview<\/a><\/td>\n<\/tr>\n<tr>\n<td>9<\/td>\n<td>Ai Caduti dell\u2019 16 Gennaio 1941<\/td>\n<td>M. Vannucci<\/td>\n<td>5:41<\/td>\n<td><a href=\"https:\/\/bandasanlawrenz.com\/wp-content\/uploads\/2010\/07\/Ai-Caduti-del-16-Gennaio-1941.mp3\">Preview<\/a><\/td>\n<\/tr>\n<tr>\n<td>10<\/td>\n<td>Martha<\/td>\n<td>Angelo Pullicino<\/td>\n<td>7:56<\/td>\n<td><a href=\"https:\/\/bandasanlawrenz.com\/wp-content\/uploads\/2010\/07\/Martha.mp3\">Preview<\/a><\/td>\n<\/tr>\n<\/tbody>\n<\/table>\n<\/div>\n<p align=\"center\"><a href=\"https:\/\/bandasanlawrenz.com\/merchandise\/buy\/\">Buy<\/a><\/p>\n<h3 style=\"text-align: center;\">Disc 2 &#8211;\u00a0Waltzes<\/h3>\n<p><a href=\"https:\/\/bandasanlawrenz.com\/wp-content\/uploads\/2010\/07\/Valzi-CD-2.jpg\"><img loading=\"lazy\" decoding=\"async\" class=\"aligncenter size-medium wp-image-1226\" title=\"Valzi - CD 2\" src=\"https:\/\/bandasanlawrenz.com\/wp-content\/uploads\/2010\/07\/Valzi-CD-2-300x298.jpg\" alt=\"Valzi - CD 2\" width=\"300\" height=\"298\" \/><\/a><\/p>\n<div align=\"center\">\n<table border=\"0\">\n<tbody>\n<tr>\n<td>1<\/td>\n<td>20th Anniversary<\/td>\n<td>Paul Schembri<\/td>\n<td>4:16<\/td>\n<td><a href=\"https:\/\/bandasanlawrenz.com\/wp-content\/uploads\/2010\/07\/20th-Anniversary.mp3\">20th Anniversary<\/a><\/td>\n<\/tr>\n<tr>\n<td>2<\/td>\n<td>Resurrection<\/td>\n<td>Emanuel Bugeja<\/td>\n<td>6:40<\/td>\n<td><a href=\"https:\/\/bandasanlawrenz.com\/wp-content\/uploads\/2010\/07\/Resurrection.mp3\">Resurrection<\/a><\/td>\n<\/tr>\n<tr>\n<td>3<\/td>\n<td>Il-Qawmien<\/td>\n<td>Publius Borg<\/td>\n<td>3:43<\/td>\n<td><a href=\"https:\/\/bandasanlawrenz.com\/wp-content\/uploads\/2010\/07\/Il-Qawmien.mp3\">Il-Qawmien<\/a><\/td>\n<\/tr>\n<tr>\n<td>4<\/td>\n<td>Rosita<\/td>\n<td>John Mamo<\/td>\n<td>3:32<\/td>\n<td><a href=\"https:\/\/bandasanlawrenz.com\/wp-content\/uploads\/2010\/07\/Rosita.mp3\">Rosita<\/a><\/td>\n<\/tr>\n<tr>\n<td>5<\/td>\n<td>Il-\u0120irja Tradizzjonali<\/td>\n<td>Giuseppe Frendo<\/td>\n<td>4:12<\/td>\n<td><a href=\"https:\/\/bandasanlawrenz.com\/wp-content\/uploads\/2010\/07\/Il-\u0120irja-Tradizzjonali.mp3\">Il-\u0120irja Tradizzjonali<\/a><\/td>\n<\/tr>\n<tr>\n<td>6<\/td>\n<td>Figolla<\/td>\n<td>Luciano Apap<\/td>\n<td>3:52<\/td>\n<td><a href=\"https:\/\/bandasanlawrenz.com\/wp-content\/uploads\/2010\/07\/Figolla.mp3\">Figolla<\/a><\/td>\n<\/tr>\n<tr>\n<td>7<\/td>\n<td>Celebration<\/td>\n<td>Gabriel Muscat<\/td>\n<td>2:54<\/td>\n<td><a href=\"https:\/\/bandasanlawrenz.com\/wp-content\/uploads\/2010\/07\/Celebration.mp3\">Celebration<\/a><\/td>\n<\/tr>\n<tr>\n<td>8<\/td>\n<td>\u010aentinarju<\/td>\n<td>Ugo Buhagiar<\/td>\n<td>3:29<\/td>\n<td><a href=\"https:\/\/bandasanlawrenz.com\/wp-content\/uploads\/2010\/07\/\u010aentinarju.mp3\">\u010aentinarju<\/a><\/td>\n<\/tr>\n<tr>\n<td>9<\/td>\n<td>Halleluljah<\/td>\n<td>Gaetano Grech<\/td>\n<td>2:46<\/td>\n<td><a href=\"https:\/\/bandasanlawrenz.com\/wp-content\/uploads\/2010\/07\/Hallelujah.mp3\">Hallelujah<\/a><\/td>\n<\/tr>\n<tr>\n<td>10<\/td>\n<td>Anna<\/td>\n<td>Chris Pisani<\/td>\n<td>3:59<\/td>\n<td><a href=\"https:\/\/bandasanlawrenz.com\/wp-content\/uploads\/2010\/07\/Anna.mp3\">Anna<\/a><\/td>\n<\/tr>\n<tr>\n<td>11<\/td>\n<td>Il Trionfo<\/td>\n<td>N.N.<\/td>\n<td>4:13<\/td>\n<td><a href=\"https:\/\/bandasanlawrenz.com\/wp-content\/uploads\/2010\/07\/Il-Trionfo.mp3\">Il Trionfo<\/a><\/td>\n<\/tr>\n<tr>\n<td>12<\/td>\n<td>Reba\u0127 fuq il-Mewt<\/td>\n<td>Chev. Gius. Busuttil<\/td>\n<td>4:16<\/td>\n<td><a href=\"https:\/\/bandasanlawrenz.com\/wp-content\/uploads\/2010\/07\/Reba\u0127-fuq-il-Mewt.mp3\">Reba\u0127 fuq il-Mewt<\/a><\/td>\n<\/tr>\n<tr>\n<td>13<\/td>\n<td>Dance Splendour<\/td>\n<td>Paul Schembri<\/td>\n<td>3:15<\/td>\n<td><a href=\"https:\/\/bandasanlawrenz.com\/wp-content\/uploads\/2010\/07\/Dance-Splendour.mp3\">Dance Splendour<\/a><\/td>\n<\/tr>\n<tr>\n<td>14<\/td>\n<td>Il-Fer\u0127 tal-G\u0127id<\/td>\n<td>Luciano Apap<\/td>\n<td>3:52<\/td>\n<td><a href=\"https:\/\/bandasanlawrenz.com\/wp-content\/uploads\/2010\/07\/Il-Fer\u0127-tal-G\u0127id.mp3\">Il-Fer\u0127 tal-G\u0127id<\/a><\/td>\n<\/tr>\n<\/tbody>\n<\/table>\n<\/div>\n<p align=\"center\"><a href=\"https:\/\/bandasanlawrenz.com\/merchandise\/buy\/\">Buy<\/a><\/p>\n<p>&nbsp;<\/p>\n<h3 style=\"text-align: center;\">Funeral Marches 2014: \u20ac5<\/h3>\n<p><a href=\"https:\/\/bandasanlawrenz.com\/wp-content\/uploads\/2010\/07\/Untitled.jpg\"><img loading=\"lazy\" decoding=\"async\" class=\"wp-image-11744 aligncenter\" src=\"https:\/\/bandasanlawrenz.com\/wp-content\/uploads\/2010\/07\/Untitled.jpg\" alt=\"Mar\u010bi Funebri 2014\" width=\"303\" height=\"300\" srcset=\"https:\/\/bandasanlawrenz.com\/wp-content\/uploads\/2010\/07\/Untitled.jpg 534w, https:\/\/bandasanlawrenz.com\/wp-content\/uploads\/2010\/07\/Untitled-400x396.jpg 400w, https:\/\/bandasanlawrenz.com\/wp-content\/uploads\/2010\/07\/Untitled-150x150.jpg 150w\" sizes=\"auto, (max-width: 303px) 100vw, 303px\" \/><\/a><\/p>\n<div align=\"center\">\n<table border=\"0\">\n<tbody>\n<tr>\n<td>1<\/td>\n<td>In Memory of 9\/11 victims<\/td>\n<td>Paul Schembri<\/td>\n<td>10:03<\/td>\n<td><a href=\"https:\/\/bandasanlawrenz.com\/wp-content\/uploads\/2016\/10\/1.-In-Memory-of-9-11-victims.mp3\">Preview<\/a><\/td>\n<\/tr>\n<tr>\n<td>2<\/td>\n<td>In Memoria di Genise<\/td>\n<td>Ugo Buhagiar<\/td>\n<td>8:57<\/td>\n<td><a href=\"https:\/\/bandasanlawrenz.com\/wp-content\/uploads\/2016\/10\/2.-In-Memoria-di-Genise.mp3\">Preview<\/a><\/td>\n<\/tr>\n<tr>\n<td>3<\/td>\n<td>Al Mio Amico Charles Bordieri<\/td>\n<td>Christopher Pisani<\/td>\n<td>5:10<\/td>\n<td><a href=\"https:\/\/bandasanlawrenz.com\/wp-content\/uploads\/2016\/10\/3.-Al-Mio-Amico-Charles-Bordieri.mp3\">Preview<\/a><\/td>\n<\/tr>\n<tr>\n<td>4<\/td>\n<td>A Mio Figlio<\/td>\n<td>Giovanni Giumarra<\/td>\n<td>10:45<\/td>\n<td><a href=\"https:\/\/bandasanlawrenz.com\/wp-content\/uploads\/2016\/10\/4.-A-Mio-Figlio.mp3\">Preview<\/a><\/td>\n<\/tr>\n<tr>\n<td>5<\/td>\n<td>Viaggio al Calvario<\/td>\n<td>Giuseppe Frendo<\/td>\n<td>7:45<\/td>\n<td><a href=\"https:\/\/bandasanlawrenz.com\/wp-content\/uploads\/2016\/10\/5.-Viaggio-al-Calvario.mp3\">Preview<\/a><\/td>\n<\/tr>\n<tr>\n<td>6<\/td>\n<td>Sepulto Domine<\/td>\n<td>Gian Maria Dalli<\/td>\n<td>7:15<\/td>\n<td><a href=\"https:\/\/bandasanlawrenz.com\/wp-content\/uploads\/2016\/10\/6.-Sepulto-Domine.mp3\">Preview<\/a><\/td>\n<\/tr>\n<tr>\n<td>7<\/td>\n<td>Eterno Pianto<\/td>\n<td>Becucci<\/td>\n<td>6:04<\/td>\n<td><a href=\"https:\/\/bandasanlawrenz.com\/wp-content\/uploads\/2016\/10\/7.-Eterno-Pianto.mp3\">Preview<\/a><\/td>\n<\/tr>\n<tr>\n<td>8<\/td>\n<td>Lama Sabachtani<\/td>\n<td>Etienne Spiteri<\/td>\n<td>7:49<\/td>\n<td><a href=\"https:\/\/bandasanlawrenz.com\/wp-content\/uploads\/2016\/10\/8.-Lama-Sabachtani.mp3\">Preview<\/a><\/td>\n<\/tr>\n<tr>\n<td>9<\/td>\n<td>Requiescat in Pace<\/td>\n<td>Luigi Cirenei<\/td>\n<td>6:59<\/td>\n<td><a href=\"https:\/\/bandasanlawrenz.com\/wp-content\/uploads\/2016\/10\/9.-Requiescat-in-Pace.mp3\">Preview<\/a><\/td>\n<\/tr>\n<tr>\n<td>10<\/td>\n<td>Marcia Funebre No. 1<\/td>\n<td>Kan. Luigi Fenech<\/td>\n<td>8:19<\/td>\n<td><a href=\"https:\/\/bandasanlawrenz.com\/wp-content\/uploads\/2016\/10\/10.-Marcia-Funebre-No.-1.mp3\">Preview<\/a><\/td>\n<\/tr>\n<\/tbody>\n<\/table>\n<\/div>\n<p align=\"center\"><a href=\"https:\/\/bandasanlawrenz.com\/merchandise\/buy\/\">Buy<\/a><\/p>\n<h3 style=\"text-align: center;\">Funeral Marches 2022: \u20ac10<\/h3>\n<p><a href=\"https:\/\/bandasanlawrenz.com\/wp-content\/uploads\/2022\/05\/Front-Cover.jpg\"><img loading=\"lazy\" decoding=\"async\" class=\" wp-image-23656 aligncenter\" src=\"https:\/\/bandasanlawrenz.com\/wp-content\/uploads\/2022\/05\/Front-Cover.jpg\" alt=\"\" width=\"301\" height=\"301\" srcset=\"https:\/\/bandasanlawrenz.com\/wp-content\/uploads\/2022\/05\/Front-Cover.jpg 1417w, https:\/\/bandasanlawrenz.com\/wp-content\/uploads\/2022\/05\/Front-Cover-600x600.jpg 600w, https:\/\/bandasanlawrenz.com\/wp-content\/uploads\/2022\/05\/Front-Cover-1024x1024.jpg 1024w, https:\/\/bandasanlawrenz.com\/wp-content\/uploads\/2022\/05\/Front-Cover-400x400.jpg 400w, https:\/\/bandasanlawrenz.com\/wp-content\/uploads\/2022\/05\/Front-Cover-768x768.jpg 768w, https:\/\/bandasanlawrenz.com\/wp-content\/uploads\/2022\/05\/Front-Cover-150x150.jpg 150w\" sizes=\"auto, (max-width: 301px) 100vw, 301px\" \/><\/a><\/p>\n<div align=\"center\">\n<table border=\"0\">\n<tbody>\n<tr>\n<td>1<\/td>\n<td>Passio Domini<\/td>\n<td>Jonathan Abela<\/td>\n<td>06:39<\/td>\n<td><a href=\"https:\/\/bandasanlawrenz.com\/wp-content\/uploads\/2022\/05\/1.-Passio-Domini-Jonathan-Abela.mp3\">Passio Domini<\/a><\/td>\n<\/tr>\n<tr>\n<td>2<\/td>\n<td>B&#8217;Tifkira tal-Ex Vi\u010bi President Twanny Gauci<\/td>\n<td>Christopher Pisani<\/td>\n<td>07:31<\/td>\n<td><a href=\"https:\/\/bandasanlawrenz.com\/wp-content\/uploads\/2022\/05\/2.-BTifkira-tal-Ex-Vici-President-Twanny-Gauci-Christopher-Pisani.mp3\">B&#8217;Tifkira tal-Ex Vi\u010bi President Twanny Gauci<\/a><\/td>\n<\/tr>\n<tr>\n<td>3<\/td>\n<td>In hac in Lacrimarum Valle<\/td>\n<td>Andrew Lawrence Zarb<\/td>\n<td>08:05<\/td>\n<td><a href=\"https:\/\/bandasanlawrenz.com\/wp-content\/uploads\/2022\/05\/3.-In-Hac-In-Lacrimarum-Valle-Andrew-Zarb.mp3\">In Hac In Lacrimarum Valle<\/a><\/td>\n<\/tr>\n<tr>\n<td>4<\/td>\n<td>In Memory of My Dear Father<\/td>\n<td>Paul Schembri<\/td>\n<td>07:14<\/td>\n<td><a href=\"https:\/\/bandasanlawrenz.com\/wp-content\/uploads\/2022\/05\/4.-In-Memory-of-My-Dear-Father-Paul-Schembri.mp3\">In Memory of My Dear Father<\/a><\/td>\n<\/tr>\n<tr>\n<td>5<\/td>\n<td>L&#8217;Ultimo Addio<\/td>\n<td>Giuseppe Frendo<\/td>\n<td>06:50<\/td>\n<td><a href=\"https:\/\/bandasanlawrenz.com\/wp-content\/uploads\/2022\/05\/5.-LUltimo-Addio-Giuseppe-Frendo.mp3\">L&#8217;Ultimo Addio<\/a><\/td>\n<\/tr>\n<tr>\n<td>6<\/td>\n<td>A Mia Madre<\/td>\n<td>Gian Maria Dalli0<\/td>\n<td>08:05<\/td>\n<td><a href=\"https:\/\/bandasanlawrenz.com\/wp-content\/uploads\/2022\/05\/6.-A-Mia-Madre-Giuseppe-Maria-Dalli.mp3\">A Mia Madre<\/a><\/td>\n<\/tr>\n<tr>\n<td>7<\/td>\n<td>A Catanisa<\/td>\n<td>Pietro Pernice<\/td>\n<td>08:00<\/td>\n<td><a href=\"https:\/\/bandasanlawrenz.com\/wp-content\/uploads\/2022\/05\/7.-A-Catanisa-Pietro-Pernice.mp3\">A Catanisa<\/a><\/td>\n<\/tr>\n<tr>\n<td>8<\/td>\n<td>Milano<\/td>\n<td>N.N.<\/td>\n<td>08:05<\/td>\n<td><a href=\"https:\/\/bandasanlawrenz.com\/wp-content\/uploads\/2022\/05\/8.-Milano-NN.mp3\">Milano<\/a><\/td>\n<\/tr>\n<tr>\n<td>9<\/td>\n<td>Pianto Eterno<\/td>\n<td>Pasquale Quatrano<\/td>\n<td>05:59<\/td>\n<td><a href=\"https:\/\/bandasanlawrenz.com\/wp-content\/uploads\/2022\/05\/9.-Pianto-Eterno-Pasquale-Quatrano.mp3\">Pianto Eterno<\/a><\/td>\n<\/tr>\n<tr>\n<td>10<\/td>\n<td>Dolore<\/td>\n<td>Giovanni Giumarra<\/td>\n<td>09:36<\/td>\n<td><a href=\"https:\/\/bandasanlawrenz.com\/wp-content\/uploads\/2022\/05\/10.-Dolore-Giovanni-Giumarra.mp3\">Dolore<\/a><\/td>\n<\/tr>\n<\/tbody>\n<\/table>\n<\/div>\n<p align=\"center\"><a href=\"https:\/\/bandasanlawrenz.com\/merchandise\/buy\/\">Buy<\/a><\/p>\n","protected":false},"excerpt":{"rendered":"<p>Funeral Marches 2001: \u20ac5 1 In Memory of Albert &amp; Rosanna Farrugia P. Schembri 6.15 Preview 2 Tristes Est L. Galea 5:22 Preview 3 Marcia No.2 Kan. L. Fenech 9:38 Preview 4 Calde Lacrime De Michelis 6:14 Preview 5 A Mio Padre H. H. Dalli 6:08 Preview 6 Sul Golgota G. Giumarra 5:40 Preview 7<a class=\"moretag\" href=\"https:\/\/bandasanlawrenz.com\/en\/media\/cds-funeral-marches\/\"><span class=\"screen-reader-text\">Read more about CDs Funeral Marches<\/span>[&#8230;]<\/a><\/p>\n","protected":false},"author":1,"featured_media":0,"parent":11031,"menu_order":0,"comment_status":"closed","ping_status":"closed","template":"","meta":{"footnotes":""},"class_list":["post-11041","page","type-page","status-publish","hentry"],"_links":{"self":[{"href":"https:\/\/bandasanlawrenz.com\/en\/wp-json\/wp\/v2\/pages\/11041","targetHints":{"allow":["GET"]}}],"collection":[{"href":"https:\/\/bandasanlawrenz.com\/en\/wp-json\/wp\/v2\/pages"}],"about":[{"href":"https:\/\/bandasanlawrenz.com\/en\/wp-json\/wp\/v2\/types\/page"}],"author":[{"embeddable":true,"href":"https:\/\/bandasanlawrenz.com\/en\/wp-json\/wp\/v2\/users\/1"}],"replies":[{"embeddable":true,"href":"https:\/\/bandasanlawrenz.com\/en\/wp-json\/wp\/v2\/comments?post=11041"}],"version-history":[{"count":8,"href":"https:\/\/bandasanlawrenz.com\/en\/wp-json\/wp\/v2\/pages\/11041\/revisions"}],"predecessor-version":[{"id":23683,"href":"https:\/\/bandasanlawrenz.com\/en\/wp-json\/wp\/v2\/pages\/11041\/revisions\/23683"}],"up":[{"embeddable":true,"href":"https:\/\/bandasanlawrenz.com\/en\/wp-json\/wp\/v2\/pages\/11031"}],"wp:attachment":[{"href":"https:\/\/bandasanlawrenz.com\/en\/wp-json\/wp\/v2\/media?parent=11041"}],"curies":[{"name":"wp","href":"https:\/\/api.w.org\/{rel}","templated":true}]}}