{"id":23628,"date":"2022-05-30T14:13:26","date_gmt":"2022-05-30T12:13:26","guid":{"rendered":"https:\/\/bandasanlawrenz.com\/?page_id=23628"},"modified":"2022-05-30T14:13:26","modified_gmt":"2022-05-30T12:13:26","slug":"casettes-funeral-marches","status":"publish","type":"page","link":"https:\/\/bandasanlawrenz.com\/en\/media\/casettes-funeral-marches\/","title":{"rendered":"Casettes Funeral Marches"},"content":{"rendered":"<h3>Funeral Marches 1985<\/h3>\n<table border=\"0\">\n<tbody>\n<tr>\n<td>\n<table border=\"0\">\n<tbody>\n<tr>\n<td width=\"300\">In Memory of My Father<\/td>\n<td width=\"200\">Paul Schembri<\/td>\n<\/tr>\n<tr>\n<td>Requiescat in Pace<\/td>\n<td>Luigi Cerinei<\/td>\n<\/tr>\n<tr>\n<td>Dolore<\/td>\n<td>Giovanni Giumarra<\/td>\n<\/tr>\n<tr>\n<td>Tristis Est<\/td>\n<td>Lorenzo Galea<\/td>\n<\/tr>\n<tr>\n<td>A Mia Madre Teresa<\/td>\n<td>Hector H. Dalli<\/td>\n<\/tr>\n<tr>\n<td>Marcia Funebre No. 1<\/td>\n<td>Kan. Luigi Fenech<\/td>\n<\/tr>\n<tr>\n<td>Tutto Fini<\/td>\n<td>Giuseppe Frendo<\/td>\n<\/tr>\n<tr>\n<td>Milano<\/td>\n<td>N.N.<\/td>\n<\/tr>\n<tr>\n<td>Marcia Funebre No. 2<\/td>\n<td>Kan. Luigi Fenech<\/td>\n<\/tr>\n<tr>\n<td>Innu Mar\u010b lill-Banda San Lawrenz<\/td>\n<td>P.Schembri<\/td>\n<\/tr>\n<tr>\n<td>Innu lil San Lawrenz<\/td>\n<td>L.Galea<\/td>\n<\/tr>\n<tr>\n<td>Innu tal-Banda<\/td>\n<td>H.H.Dalli<\/td>\n<\/tr>\n<\/tbody>\n<\/table>\n<\/td>\n<td><a href=\"https:\/\/bandasanlawrenz.com\/wp-content\/uploads\/2022\/05\/1985.bmp\"><img loading=\"lazy\" decoding=\"async\" class=\" wp-image-23619 aligncenter\" src=\"https:\/\/bandasanlawrenz.com\/wp-content\/uploads\/2022\/05\/1985.bmp\" alt=\"\" width=\"213\" height=\"301\" srcset=\"https:\/\/bandasanlawrenz.com\/wp-content\/uploads\/2022\/05\/1985.bmp 1186w, https:\/\/bandasanlawrenz.com\/wp-content\/uploads\/2022\/05\/1985-425x600.jpg 425w, https:\/\/bandasanlawrenz.com\/wp-content\/uploads\/2022\/05\/1985-725x1024.jpg 725w, https:\/\/bandasanlawrenz.com\/wp-content\/uploads\/2022\/05\/1985-283x400.jpg 283w, https:\/\/bandasanlawrenz.com\/wp-content\/uploads\/2022\/05\/1985-768x1084.jpg 768w, https:\/\/bandasanlawrenz.com\/wp-content\/uploads\/2022\/05\/1985-1088x1536.jpg 1088w\" sizes=\"auto, (max-width: 213px) 100vw, 213px\" \/><\/a><\/td>\n<\/tr>\n<tr>\n<td align=\"center\"><\/td>\n<\/tr>\n<\/tbody>\n<\/table>\n<h3>Funeral Marches 1992<\/h3>\n<table border=\"0\">\n<tbody>\n<tr>\n<td>\n<table border=\"0\">\n<tbody>\n<tr>\n<td width=\"300\">In Memoria di Lorenzo e Lorenza Farrugia<\/td>\n<td width=\"200\">Paul Schembri<\/td>\n<\/tr>\n<tr>\n<td>Un&#8217; Ora d&#8217;Angoscia<\/td>\n<td>Giuseppe Manente<\/td>\n<\/tr>\n<tr>\n<td>A Mio Nonno Wenzu Galea<\/td>\n<td>Salvinu Fabri<\/td>\n<\/tr>\n<tr>\n<td>The Last Honours<\/td>\n<td>Hector H. Dalli<\/td>\n<\/tr>\n<tr>\n<td>Cordoglio<\/td>\n<td>Antonio Miruzzi<\/td>\n<\/tr>\n<tr>\n<td>Calde Lacrime<\/td>\n<td>De Michelis<\/td>\n<\/tr>\n<tr>\n<td>Viaggio Al Calvario<\/td>\n<td>Giuseppe Frendo<\/td>\n<\/tr>\n<tr>\n<td>Marcia Funebre<\/td>\n<td>Ludwig Von Beethoven<\/td>\n<\/tr>\n<tr>\n<td>Ai Membri Morti Della Societa<\/td>\n<td>Michael Bugelli<\/td>\n<\/tr>\n<tr>\n<td>G\u0127a\u017ci\u017ca Ommi<\/td>\n<td>Paul Schembri<\/td>\n<\/tr>\n<\/tbody>\n<\/table>\n<\/td>\n<td><a href=\"https:\/\/bandasanlawrenz.com\/wp-content\/uploads\/2022\/05\/1992.jpg\"><img loading=\"lazy\" decoding=\"async\" class=\" wp-image-23623 aligncenter\" src=\"https:\/\/bandasanlawrenz.com\/wp-content\/uploads\/2022\/05\/1992.jpg\" alt=\"\" width=\"229\" height=\"301\" srcset=\"https:\/\/bandasanlawrenz.com\/wp-content\/uploads\/2022\/05\/1992.jpg 368w, https:\/\/bandasanlawrenz.com\/wp-content\/uploads\/2022\/05\/1992-305x400.jpg 305w\" sizes=\"auto, (max-width: 229px) 100vw, 229px\" \/><\/a><\/td>\n<\/tr>\n<tr>\n<td align=\"center\"><\/td>\n<\/tr>\n<\/tbody>\n<\/table>\n<h3>Funeral Marches 1997<\/h3>\n<table border=\"0\">\n<tbody>\n<tr>\n<td>\n<table border=\"0\">\n<tbody>\n<tr>\n<td width=\"300\">Venerdi Santo<\/td>\n<td width=\"200\">Giovanni Giumarra<\/td>\n<\/tr>\n<tr>\n<td>Eterno Pianto<\/td>\n<td>Becucci<\/td>\n<\/tr>\n<tr>\n<td>Lacrime<\/td>\n<td>Latam<\/td>\n<\/tr>\n<tr>\n<td>Under The Cross<\/td>\n<td>Giuseppe Spiteri<\/td>\n<\/tr>\n<tr>\n<td>El Adem 10\/10\/1961<\/td>\n<td>Paul Schembri<\/td>\n<\/tr>\n<tr>\n<td>Lamentoso<\/td>\n<td>Hector H. Dalli<\/td>\n<\/tr>\n<tr>\n<td>Sette Dolore<\/td>\n<td>Publius Borg<\/td>\n<\/tr>\n<tr>\n<td>L&#8217;Ultimo Addio<\/td>\n<td>Giuseppe Frendo<\/td>\n<\/tr>\n<\/tbody>\n<\/table>\n<\/td>\n<td><a href=\"https:\/\/bandasanlawrenz.com\/wp-content\/uploads\/2022\/05\/1997.jpg\"><img loading=\"lazy\" decoding=\"async\" class=\" wp-image-23625 aligncenter\" src=\"https:\/\/bandasanlawrenz.com\/wp-content\/uploads\/2022\/05\/1997.jpg\" alt=\"\" width=\"225\" height=\"300\" srcset=\"https:\/\/bandasanlawrenz.com\/wp-content\/uploads\/2022\/05\/1997.jpg 484w, https:\/\/bandasanlawrenz.com\/wp-content\/uploads\/2022\/05\/1997-450x600.jpg 450w, https:\/\/bandasanlawrenz.com\/wp-content\/uploads\/2022\/05\/1997-300x400.jpg 300w\" sizes=\"auto, (max-width: 225px) 100vw, 225px\" \/><\/a><\/td>\n<\/tr>\n<tr>\n<td align=\"center\"><\/td>\n<\/tr>\n<\/tbody>\n<\/table>\n","protected":false},"excerpt":{"rendered":"<p>Funeral Marches 1985 In Memory of My Father Paul Schembri Requiescat in Pace Luigi Cerinei Dolore Giovanni Giumarra Tristis Est Lorenzo Galea A Mia Madre Teresa Hector H. Dalli Marcia Funebre No. 1 Kan. Luigi Fenech Tutto Fini Giuseppe Frendo Milano N.N. Marcia Funebre No. 2 Kan. Luigi Fenech Innu Mar\u010b lill-Banda San Lawrenz P.Schembri<a class=\"moretag\" href=\"https:\/\/bandasanlawrenz.com\/en\/media\/casettes-funeral-marches\/\"><span class=\"screen-reader-text\">Read more about Casettes Funeral Marches<\/span>[&#8230;]<\/a><\/p>\n","protected":false},"author":4,"featured_media":0,"parent":11031,"menu_order":0,"comment_status":"closed","ping_status":"closed","template":"","meta":{"footnotes":""},"class_list":["post-23628","page","type-page","status-publish","hentry"],"_links":{"self":[{"href":"https:\/\/bandasanlawrenz.com\/en\/wp-json\/wp\/v2\/pages\/23628","targetHints":{"allow":["GET"]}}],"collection":[{"href":"https:\/\/bandasanlawrenz.com\/en\/wp-json\/wp\/v2\/pages"}],"about":[{"href":"https:\/\/bandasanlawrenz.com\/en\/wp-json\/wp\/v2\/types\/page"}],"author":[{"embeddable":true,"href":"https:\/\/bandasanlawrenz.com\/en\/wp-json\/wp\/v2\/users\/4"}],"replies":[{"embeddable":true,"href":"https:\/\/bandasanlawrenz.com\/en\/wp-json\/wp\/v2\/comments?post=23628"}],"version-history":[{"count":1,"href":"https:\/\/bandasanlawrenz.com\/en\/wp-json\/wp\/v2\/pages\/23628\/revisions"}],"predecessor-version":[{"id":23629,"href":"https:\/\/bandasanlawrenz.com\/en\/wp-json\/wp\/v2\/pages\/23628\/revisions\/23629"}],"up":[{"embeddable":true,"href":"https:\/\/bandasanlawrenz.com\/en\/wp-json\/wp\/v2\/pages\/11031"}],"wp:attachment":[{"href":"https:\/\/bandasanlawrenz.com\/en\/wp-json\/wp\/v2\/media?parent=23628"}],"curies":[{"name":"wp","href":"https:\/\/api.w.org\/{rel}","templated":true}]}}